{"id":208,"date":"2013-07-22T15:24:51","date_gmt":"2013-07-22T13:24:51","guid":{"rendered":"http:\/\/www.dierresrl.net\/?page_id=208"},"modified":"2013-08-19T16:28:03","modified_gmt":"2013-08-19T14:28:03","slug":"tv-sat","status":"publish","type":"page","link":"http:\/\/www.dierresrl.net\/?page_id=208","title":{"rendered":"tv sat"},"content":{"rendered":"<p style=\"text-align: justify;\">Con il lancio in orbita di un numero sempre pi\u00f9 frequente di potenti satelliti geostazionari, il numero di canali prima analogici e poi digitali \u00e8 cresciuto al punto tale da poter assicurare ricezioni perfette con parabole relativamente piccole. Non c&#8217;\u00e8 dubbio che tra qualche anno tutto il sistema di trasmissioni televisive veicoler\u00e0 con questa tecnologia che permette di ricevere Immagini perfette senza alcuna interferenza.<\/p>\n<p><img loading=\"lazy\" class=\"size-full wp-image-209 aligncenter\" alt=\"sky-service\" src=\"http:\/\/www.dierresrl.net\/wp-content\/uploads\/2013\/07\/sky-service.jpg\" width=\"100\" height=\"100\" \/><img loading=\"lazy\" class=\"size-full wp-image-211 aligncenter\" alt=\"decoder1\" src=\"http:\/\/www.dierresrl.net\/wp-content\/uploads\/2013\/07\/decoder1.jpg\" width=\"253\" height=\"88\" \/><img loading=\"lazy\" class=\"size-full wp-image-210 aligncenter\" alt=\"fte\" src=\"http:\/\/www.dierresrl.net\/wp-content\/uploads\/2013\/07\/fte.jpg\" width=\"169\" height=\"56\" \/><\/p>\n<p style=\"text-align: justify;\">\u00a0<\/p>\n","protected":false},"excerpt":{"rendered":"<p>Con il lancio in orbita di un numero sempre pi\u00f9 frequente di potenti satelliti geostazionari, il numero di canali prima analogici e poi digitali \u00e8 cresciuto al punto tale da poter assicurare ricezioni perfette con parabole relativamente piccole. Non c&#8217;\u00e8 dubbio che tra qualche anno tutto il sistema di trasmissioni televisive veicoler\u00e0 con questa tecnologia<\/p>\n<p><a class=\"excerpt-more blog-excerpt\" href=\"http:\/\/www.dierresrl.net\/?page_id=208\">Read More&#8230;<\/a><\/p>\n","protected":false},"author":1,"featured_media":0,"parent":0,"menu_order":0,"comment_status":"closed","ping_status":"closed","template":"","meta":[],"_links":{"self":[{"href":"http:\/\/www.dierresrl.net\/index.php?rest_route=\/wp\/v2\/pages\/208"}],"collection":[{"href":"http:\/\/www.dierresrl.net\/index.php?rest_route=\/wp\/v2\/pages"}],"about":[{"href":"http:\/\/www.dierresrl.net\/index.php?rest_route=\/wp\/v2\/types\/page"}],"author":[{"embeddable":true,"href":"http:\/\/www.dierresrl.net\/index.php?rest_route=\/wp\/v2\/users\/1"}],"replies":[{"embeddable":true,"href":"http:\/\/www.dierresrl.net\/index.php?rest_route=%2Fwp%2Fv2%2Fcomments&post=208"}],"version-history":[{"count":5,"href":"http:\/\/www.dierresrl.net\/index.php?rest_route=\/wp\/v2\/pages\/208\/revisions"}],"predecessor-version":[{"id":334,"href":"http:\/\/www.dierresrl.net\/index.php?rest_route=\/wp\/v2\/pages\/208\/revisions\/334"}],"wp:attachment":[{"href":"http:\/\/www.dierresrl.net\/index.php?rest_route=%2Fwp%2Fv2%2Fmedia&parent=208"}],"curies":[{"name":"wp","href":"https:\/\/api.w.org\/{rel}","templated":true}]}}